{"id":2445,"date":"2019-03-08T13:36:27","date_gmt":"2019-03-08T12:36:27","guid":{"rendered":"http:\/\/aixadreams.com\/trenes-turisticos\/"},"modified":"2021-04-10T10:10:09","modified_gmt":"2021-04-10T08:10:09","slug":"luxury-tourist-trains","status":"publish","type":"page","link":"https:\/\/aixadreams.com\/en\/we-offer\/luxury-tourist-trains\/","title":{"rendered":"LUXURY TOURIST TRAINS"},"content":{"rendered":"\r\n<p class=\"subtitle\" style=\"text-align: center;\">Travel to another time in a dream palace on rails<\/p>\r\n\r\n\r\n\r\n<p style=\"text-align: center;\">We are an official agency of RENFE for the sale of luxury trains. Trains that belong and evoke past times, magical trains where time stand still.<\/p>\r\n\r\n\r\n\r\n<p style=\"text-align: center;\">Transcant\u00e1brico Cl\u00e1sico, Transcant\u00e1brico Lujo, Tren Al-\u00c1ndalus y Expreso de la Robla.<\/p>\r\n\r\n\r\n\r\n<p class=\"has-text-color has-very-dark-gray-color\" style=\"text-align: center;\">Find out about itineraries and prices on our website. Contact us directly to benefit from great discounts.<\/p>\r\n\r\n\r\n\r\n<div class=\"wp-block-file aligncenter\"><a href=\"https:\/\/aixadreams.com\/wp-content\/uploads\/2020\/03\/Itineraries-and-rates-2020-Trenes-Turisticos-de-Lujo.pdf\" target=\"_blank\" rel=\"noreferrer noopener\">Itineraries and rates 2020 Trenes Turisticos de Lujo<\/a><\/div>\r\n\r\n\r\n\r\n<div class=\"wp-block-file aligncenter\"><a href=\"https:\/\/aixadreams.com\/wp-content\/uploads\/2020\/03\/Itineraries-and-rates-2020-Expreso-de-La-Robla.pdf\" target=\"_blank\" rel=\"noreferrer noopener\">Itineraries and rates 2020 Expreso de La Robla<\/a><\/div>\r\n\r\n\r\n\r\n<div class=\"wp-block-file aligncenter\"><a href=\"https:\/\/aixadreams.com\/wp-content\/uploads\/2020\/03\/Itineraries-and-rates-2020-Transcanta\u0301brico-Gran-Lujo-1.pdf\" target=\"_blank\" rel=\"noreferrer noopener\">Itineraries and rates 2020 Transcant\u00e1brico Gran Lujo<\/a><\/div>\r\n\r\n\r\n\r\n<div class=\"wp-block-file aligncenter\"><a href=\"https:\/\/aixadreams.com\/wp-content\/uploads\/2020\/03\/Itineraries-and-rates-2020-Coste-Verde-Express.pdf\" target=\"_blank\" rel=\"noreferrer noopener\">Itineraries and rates 2020 Costa Verde Express<\/a><\/div>\r\n\r\n\r\n\r\n<div class=\"wp-block-file aligncenter\"><a href=\"https:\/\/aixadreams.com\/wp-content\/uploads\/2020\/03\/Itineraries-and-rates-2020-Tren-Al-Andalus-1.pdf\" target=\"_blank\" rel=\"noreferrer noopener\">Itineraries and rates 2020 Tren Al Andalus<\/a><\/div>\r\n\r\n\r\n\r\n<div class=\"wp-block-image\">\r\n<figure class=\"aligncenter is-resized\"><img decoding=\"async\" class=\"wp-image-747\" src=\"https:\/\/aixadreams.com\/wp-content\/uploads\/2019\/03\/logotipo-renfe-lujo.png\" alt=\"trenes de lujo espa\u00f1a\" width=\"172\" height=\"170\" srcset=\"https:\/\/aixadreams.com\/wp-content\/uploads\/2019\/03\/logotipo-renfe-lujo.png 673w, https:\/\/aixadreams.com\/wp-content\/uploads\/2019\/03\/logotipo-renfe-lujo-300x298.png 300w, https:\/\/aixadreams.com\/wp-content\/uploads\/2019\/03\/logotipo-renfe-lujo-125x125.png 125w\" sizes=\"(max-width: 172px) 100vw, 172px\" \/><\/figure>\r\n<\/div>\r\n","protected":false},"excerpt":{"rendered":"<p>Travel to another time in a dream palace on rails We are an official agency of RENFE for the sale of luxury trains. Trains that belong and evoke past times, magical trains where time stand still. Transcant\u00e1brico Cl\u00e1sico, Transcant\u00e1brico Lujo, Tren Al-\u00c1ndalus y Expreso de la Robla. Find out about itineraries and prices on our&#8230;  <a class=\"excerpt-read-more\" href=\"https:\/\/aixadreams.com\/en\/we-offer\/luxury-tourist-trains\/\" title=\"Read LUXURY TOURIST TRAINS\">Read more &raquo;<\/a><\/p>\n","protected":false},"author":3,"featured_media":1983,"parent":2677,"menu_order":5,"comment_status":"closed","ping_status":"closed","template":"","meta":[],"yoast_head":"<!-- This site is optimized with the Yoast SEO plugin v19.11 - https:\/\/yoast.com\/wordpress\/plugins\/seo\/ -->\r\n<title>LUXURY TOURIST TRAINS - Aixa Dreams<\/title>\r\n<meta name=\"robots\" content=\"index, follow, max-snippet:-1, max-image-preview:large, max-video-preview:-1\" \/>\r\n<link rel=\"canonical\" href=\"https:\/\/aixadreams.com\/en\/we-offer\/luxury-tourist-trains\/\" \/>\r\n<meta property=\"og:locale\" content=\"en_US\" \/>\r\n<meta property=\"og:type\" content=\"article\" \/>\r\n<meta property=\"og:title\" content=\"LUXURY TOURIST TRAINS - Aixa Dreams\" \/>\r\n<meta property=\"og:description\" content=\"Travel to another time in a dream palace on rails We are an official agency of RENFE for the sale of luxury trains. Trains that belong and evoke past times, magical trains where time stand still. Transcant\u00e1brico Cl\u00e1sico, Transcant\u00e1brico Lujo, Tren Al-\u00c1ndalus y Expreso de la Robla. Find out about itineraries and prices on our... Read more &raquo;\" \/>\r\n<meta property=\"og:url\" content=\"https:\/\/aixadreams.com\/en\/we-offer\/luxury-tourist-trains\/\" \/>\r\n<meta property=\"og:site_name\" content=\"Aixa Dreams\" \/>\r\n<meta property=\"article:modified_time\" content=\"2021-04-10T08:10:09+00:00\" \/>\r\n<meta property=\"og:image\" content=\"https:\/\/aixadreams.com\/wp-content\/uploads\/2019\/03\/trenes.jpg\" \/>\r\n\t<meta property=\"og:image:width\" content=\"1920\" \/>\r\n\t<meta property=\"og:image:height\" content=\"1080\" \/>\r\n\t<meta property=\"og:image:type\" content=\"image\/jpeg\" \/>\r\n<meta name=\"twitter:card\" content=\"summary_large_image\" \/>\r\n<meta name=\"twitter:label1\" content=\"Est. reading time\" \/>\n\t<meta name=\"twitter:data1\" content=\"1 minute\" \/>\r\n<script type=\"application\/ld+json\" class=\"yoast-schema-graph\">{\"@context\":\"https:\/\/schema.org\",\"@graph\":[{\"@type\":\"WebPage\",\"@id\":\"https:\/\/aixadreams.com\/en\/we-offer\/luxury-tourist-trains\/\",\"url\":\"https:\/\/aixadreams.com\/en\/we-offer\/luxury-tourist-trains\/\",\"name\":\"LUXURY TOURIST TRAINS - Aixa Dreams\",\"isPartOf\":{\"@id\":\"https:\/\/aixadreams.com\/#website\"},\"datePublished\":\"2019-03-08T12:36:27+00:00\",\"dateModified\":\"2021-04-10T08:10:09+00:00\",\"breadcrumb\":{\"@id\":\"https:\/\/aixadreams.com\/en\/we-offer\/luxury-tourist-trains\/#breadcrumb\"},\"inLanguage\":\"en-US\",\"potentialAction\":[{\"@type\":\"ReadAction\",\"target\":[\"https:\/\/aixadreams.com\/en\/we-offer\/luxury-tourist-trains\/\"]}]},{\"@type\":\"BreadcrumbList\",\"@id\":\"https:\/\/aixadreams.com\/en\/we-offer\/luxury-tourist-trains\/#breadcrumb\",\"itemListElement\":[{\"@type\":\"ListItem\",\"position\":1,\"name\":\"Portada\",\"item\":\"https:\/\/aixadreams.com\/en\/\"},{\"@type\":\"ListItem\",\"position\":2,\"name\":\"Ofrecemos\",\"item\":\"https:\/\/aixadreams.com\/en\/we-offer\/\"},{\"@type\":\"ListItem\",\"position\":3,\"name\":\"LUXURY TOURIST TRAINS\"}]},{\"@type\":\"WebSite\",\"@id\":\"https:\/\/aixadreams.com\/#website\",\"url\":\"https:\/\/aixadreams.com\/\",\"name\":\"Aixa Dreams\",\"description\":\"- Servicios tur\u00edsticos en Espa\u00f1a, Portugal y Marruecos\",\"potentialAction\":[{\"@type\":\"SearchAction\",\"target\":{\"@type\":\"EntryPoint\",\"urlTemplate\":\"https:\/\/aixadreams.com\/?s={search_term_string}\"},\"query-input\":\"required name=search_term_string\"}],\"inLanguage\":\"en-US\"}]}<\/script>\r\n<!-- \/ Yoast SEO plugin. -->","yoast_head_json":{"title":"LUXURY TOURIST TRAINS - Aixa Dreams","robots":{"index":"index","follow":"follow","max-snippet":"max-snippet:-1","max-image-preview":"max-image-preview:large","max-video-preview":"max-video-preview:-1"},"canonical":"https:\/\/aixadreams.com\/en\/we-offer\/luxury-tourist-trains\/","og_locale":"en_US","og_type":"article","og_title":"LUXURY TOURIST TRAINS - Aixa Dreams","og_description":"Travel to another time in a dream palace on rails We are an official agency of RENFE for the sale of luxury trains. Trains that belong and evoke past times, magical trains where time stand still. Transcant\u00e1brico Cl\u00e1sico, Transcant\u00e1brico Lujo, Tren Al-\u00c1ndalus y Expreso de la Robla. Find out about itineraries and prices on our... Read more &raquo;","og_url":"https:\/\/aixadreams.com\/en\/we-offer\/luxury-tourist-trains\/","og_site_name":"Aixa Dreams","article_modified_time":"2021-04-10T08:10:09+00:00","og_image":[{"width":1920,"height":1080,"url":"https:\/\/aixadreams.com\/wp-content\/uploads\/2019\/03\/trenes.jpg","type":"image\/jpeg"}],"twitter_card":"summary_large_image","twitter_misc":{"Est. reading time":"1 minute"},"schema":{"@context":"https:\/\/schema.org","@graph":[{"@type":"WebPage","@id":"https:\/\/aixadreams.com\/en\/we-offer\/luxury-tourist-trains\/","url":"https:\/\/aixadreams.com\/en\/we-offer\/luxury-tourist-trains\/","name":"LUXURY TOURIST TRAINS - Aixa Dreams","isPartOf":{"@id":"https:\/\/aixadreams.com\/#website"},"datePublished":"2019-03-08T12:36:27+00:00","dateModified":"2021-04-10T08:10:09+00:00","breadcrumb":{"@id":"https:\/\/aixadreams.com\/en\/we-offer\/luxury-tourist-trains\/#breadcrumb"},"inLanguage":"en-US","potentialAction":[{"@type":"ReadAction","target":["https:\/\/aixadreams.com\/en\/we-offer\/luxury-tourist-trains\/"]}]},{"@type":"BreadcrumbList","@id":"https:\/\/aixadreams.com\/en\/we-offer\/luxury-tourist-trains\/#breadcrumb","itemListElement":[{"@type":"ListItem","position":1,"name":"Portada","item":"https:\/\/aixadreams.com\/en\/"},{"@type":"ListItem","position":2,"name":"Ofrecemos","item":"https:\/\/aixadreams.com\/en\/we-offer\/"},{"@type":"ListItem","position":3,"name":"LUXURY TOURIST TRAINS"}]},{"@type":"WebSite","@id":"https:\/\/aixadreams.com\/#website","url":"https:\/\/aixadreams.com\/","name":"Aixa Dreams","description":"- Servicios tur\u00edsticos en Espa\u00f1a, Portugal y Marruecos","potentialAction":[{"@type":"SearchAction","target":{"@type":"EntryPoint","urlTemplate":"https:\/\/aixadreams.com\/?s={search_term_string}"},"query-input":"required name=search_term_string"}],"inLanguage":"en-US"}]}},"_links":{"self":[{"href":"https:\/\/aixadreams.com\/en\/wp-json\/wp\/v2\/pages\/2445"}],"collection":[{"href":"https:\/\/aixadreams.com\/en\/wp-json\/wp\/v2\/pages"}],"about":[{"href":"https:\/\/aixadreams.com\/en\/wp-json\/wp\/v2\/types\/page"}],"author":[{"embeddable":true,"href":"https:\/\/aixadreams.com\/en\/wp-json\/wp\/v2\/users\/3"}],"replies":[{"embeddable":true,"href":"https:\/\/aixadreams.com\/en\/wp-json\/wp\/v2\/comments?post=2445"}],"version-history":[{"count":9,"href":"https:\/\/aixadreams.com\/en\/wp-json\/wp\/v2\/pages\/2445\/revisions"}],"predecessor-version":[{"id":2783,"href":"https:\/\/aixadreams.com\/en\/wp-json\/wp\/v2\/pages\/2445\/revisions\/2783"}],"up":[{"embeddable":true,"href":"https:\/\/aixadreams.com\/en\/wp-json\/wp\/v2\/pages\/2677"}],"wp:featuredmedia":[{"embeddable":true,"href":"https:\/\/aixadreams.com\/en\/wp-json\/wp\/v2\/media\/1983"}],"wp:attachment":[{"href":"https:\/\/aixadreams.com\/en\/wp-json\/wp\/v2\/media?parent=2445"}],"curies":[{"name":"wp","href":"https:\/\/api.w.org\/{rel}","templated":true}]}}